{"id":17691,"date":"2023-08-27T03:53:48","date_gmt":"2023-08-27T03:53:48","guid":{"rendered":"https:\/\/caminodevida.online\/?page_id=17691"},"modified":"2026-01-13T03:02:28","modified_gmt":"2026-01-13T03:02:28","slug":"politica-privacidad","status":"publish","type":"page","link":"https:\/\/iglesiacaminodevida.com\/index.php\/politica-privacidad\/","title":{"rendered":"Pol\u00edtica Privacidad"},"content":{"rendered":"\n<p class=\"has-text-align-left\">El sitio web <a href=\"https:\/\/iglesiacaminodevida.com\/\" target=\"_blank\" rel=\"noreferrer noopener\">iglesiacaminodevida.com<\/a> es propiedad de Iglesia Camino de vida, que es responsable del tratamiento de sus datos personales.<\/p>\n\n\n\n<p>Hemos adoptado esta Pol\u00edtica de Privacidad, que determina c\u00f3mo estamos procesando la informaci\u00f3n recopilada por <a href=\"https:\/\/iglesiacaminodevida.com\/\" target=\"_blank\" rel=\"noreferrer noopener\">iglesiacaminodevida.com<\/a>, que tambi\u00e9n proporciona las razones por las cuales debemos recopilar ciertos datos personales sobre usted. Por lo tanto, debe leer esta Pol\u00edtica de Privacidad antes de utilizar el sitio web <a href=\"https:\/\/iglesiacaminodevida.com\/\" target=\"_blank\" rel=\"noreferrer noopener\">iglesiacaminodevida.com<\/a>.<\/p>\n\n\n\n<p>Cuidamos sus datos personales y nos comprometemos a garantizar su confidencialidad y seguridad.<\/p>\n\n\n\n<h3 class=\"wp-block-heading\">Informaci\u00f3n personal que recopilamos:<\/h3>\n\n\n\n<p>Cuando visita <a href=\"https:\/\/iglesiacaminodevida.com\/\" target=\"_blank\" rel=\"noreferrer noopener\">iglesiacaminodevida.com<\/a>, recopilamos autom\u00e1ticamente cierta informaci\u00f3n sobre su dispositivo, incluida informaci\u00f3n sobre su navegador web, direcci\u00f3n IP, zona horaria y algunas de las cookies instaladas en su dispositivo. Nos referimos a esta informaci\u00f3n recopilada autom\u00e1ticamente como &#8220;Informaci\u00f3n del dispositivo&#8221;. Adem\u00e1s, podemos recopilar los datos personales que nos proporciona (incluidos, entre otros, Nombre, Apellido, Direcci\u00f3n, email, etc.) durante el registro para poder cumplir con el acuerdo.<\/p>\n\n\n\n<h3 class=\"wp-block-heading\">\u00bfPor qu\u00e9 tratamos sus datos?<\/h3>\n\n\n\n<p>Nuestra principal prioridad es la seguridad de los datos personales y, como tal, podemos procesar solo los datos m\u00ednimos del usuario, solo en la medida en que sea absolutamente necesario para mantener el sitio web. La informaci\u00f3n recopilada autom\u00e1ticamente se usa solo para identificar posibles casos de abuso y establecer informaci\u00f3n estad\u00edstica sobre el uso del sitio web. Esta informaci\u00f3n estad\u00edstica no se agrega de otra manera de tal manera que identifique a cualquier usuario particular del sistema.<\/p>\n\n\n\n<p>Puede visitar el sitio web sin decirnos qui\u00e9n es, ni revelar ninguna informaci\u00f3n mediante la cual alguien pueda identificarlo como una persona espec\u00edfica e identificable. Sin embargo, si desea utilizar algunas de las funciones del sitio web, o desea recibir informaci\u00f3n o proporcionar otros detalles completando un formulario, puede proporcionarnos datos personales, como su correo electr\u00f3nico, nombre, apellido, ciudad de residencia, organizaci\u00f3n, n\u00famero de tel\u00e9fono. Puede optar por no proporcionarnos sus datos personales, pero es posible que no pueda aprovechar algunas de las funciones del sitio web. Por ejemplo, no podr\u00e1 recibir entrar a nuestro portal de clases o contactarnos directamente desde el sitio web. Los usuarios que no est\u00e9n seguros de qu\u00e9 informaci\u00f3n es obligatoria pueden contactarnos a trav\u00e9s de <a href=\"mailto:rocas.ibarra@gmail.com\" target=\"_blank\" rel=\"noreferrer noopener\">contacto@iglesiacaminodevida.com<\/a>.<\/p>\n\n\n\n<h3 class=\"wp-block-heading\">Tus derechos:<\/h3>\n\n\n\n<p>Tiene los siguientes derechos relacionados con sus datos personales:<\/p>\n\n\n\n<ul class=\"wp-block-list\">\n<li>Derecho a ser informad@.<\/li>\n\n\n\n<li>Derecho de acceso.<\/li>\n\n\n\n<li>Derecho a la rectificaci\u00f3n.<\/li>\n\n\n\n<li>Derecho de restringir el procesamiento.<\/li>\n\n\n\n<li>Derecho a la portabilidad de los datos.<\/li>\n\n\n\n<li>Derecho a oponerse.<\/li>\n\n\n\n<li>Derechos en relaci\u00f3n con la toma de decisiones automatizada y elaboraci\u00f3n de perfiles.<\/li>\n<\/ul>\n\n\n\n<p>Si desea ejercer este derecho, comun\u00edquese con nosotros a trav\u00e9s de la informaci\u00f3n de contacto a continuaci\u00f3n.<\/p>\n\n\n\n<h3 class=\"wp-block-heading\">Enlaces a otros sitios web:<\/h3>\n\n\n\n<p>Nuestro sitio web puede contener enlaces a otros sitios web que no son de nuestra propiedad ni est\u00e1n controlados por nosotros. Tenga en cuenta que no somos responsables de dichos otros sitios web ni de las pr\u00e1cticas de privacidad de terceros. Lo alentamos a que tenga cuidado cuando abandone nuestro sitio web y lea las declaraciones de privacidad de cada sitio web que pueda recopilar informaci\u00f3n personal.<\/p>\n\n\n\n<h3 class=\"wp-block-heading\">Seguridad de informaci\u00f3n:<\/h3>\n\n\n\n<p>Protegemos la informaci\u00f3n que proporciona en un entorno controlado y seguro, protegido contra el acceso, uso o divulgaci\u00f3n no autorizados. Mantenemos medidas de seguridad administrativas, t\u00e9cnicas y f\u00edsicas razonables para proteger contra el acceso, uso, modificaci\u00f3n y divulgaci\u00f3n de datos personales no autorizados bajo su control y custodia. Sin embargo, no se puede garantizar la transmisi\u00f3n de datos a trav\u00e9s de Internet o de una red inal\u00e1mbrica.<\/p>\n\n\n\n<h3 class=\"wp-block-heading\">Divulgaciones legales:<\/h3>\n\n\n\n<p>Divulgaremos cualquier informaci\u00f3n que recopilemos, usemos o recibamos si as\u00ed lo requiere o lo permite la ley, como para cumplir con una citaci\u00f3n o un proceso legal similar, y cuando creamos de buena fe que la divulgaci\u00f3n es necesaria para proteger nuestros derechos, proteger su seguridad o la seguridad de otros, investigar fraudes o responder a una solicitud del gobierno.<\/p>\n\n\n\n<h3 class=\"wp-block-heading\">Datos de contacto:<\/h3>\n\n\n\n<p>Si desea comunicarse con nosotros para comprender m\u00e1s acerca de esta Pol\u00edtica o desea comunicarse con nosotros con respecto a cualquier asunto relacionado con los derechos individuales y su Informaci\u00f3n personal, puede enviar un correo electr\u00f3nico a <a href=\"mailto:rocas.ibarra@gmail.com\" target=\"_blank\" rel=\"noreferrer noopener\">contacto@iglesiacaminodevida.com<\/a><\/p>\n\n\n\n<figure class=\"wp-block-image size-large is-resized\"><img loading=\"lazy\" decoding=\"async\" width=\"732\" height=\"1024\" src=\"https:\/\/iglesiacaminodevida.com\/wp-content\/uploads\/2024\/05\/logook-732x1024.png\" alt=\"\" class=\"wp-image-17987\" style=\"width:55px;height:auto\" srcset=\"https:\/\/iglesiacaminodevida.com\/wp-content\/uploads\/2024\/05\/logook-732x1024.png 732w, https:\/\/iglesiacaminodevida.com\/wp-content\/uploads\/2024\/05\/logook-215x300.png 215w, https:\/\/iglesiacaminodevida.com\/wp-content\/uploads\/2024\/05\/logook-768x1074.png 768w, https:\/\/iglesiacaminodevida.com\/wp-content\/uploads\/2024\/05\/logook-1099x1536.png 1099w, https:\/\/iglesiacaminodevida.com\/wp-content\/uploads\/2024\/05\/logook-1465x2048.png 1465w, https:\/\/iglesiacaminodevida.com\/wp-content\/uploads\/2024\/05\/logook.png 1666w\" sizes=\"auto, (max-width: 732px) 100vw, 732px\" \/><\/figure>\n","protected":false},"excerpt":{"rendered":"<p>El sitio web iglesiacaminodevida.com es propiedad de Iglesia Camino de vida, que es responsable del tratamiento de sus datos personales. Hemos adoptado esta Pol\u00edtica de Privacidad, que determina c\u00f3mo estamos [&hellip;]<\/p>\n","protected":false},"author":1,"featured_media":0,"parent":0,"menu_order":0,"comment_status":"closed","ping_status":"closed","template":"","meta":{"_monsterinsights_skip_tracking":false,"_monsterinsights_sitenote_active":false,"_monsterinsights_sitenote_note":"","_monsterinsights_sitenote_category":0,"footnotes":""},"class_list":["post-17691","page","type-page","status-publish","hentry"],"aioseo_notices":[],"_links":{"self":[{"href":"https:\/\/iglesiacaminodevida.com\/index.php\/wp-json\/wp\/v2\/pages\/17691","targetHints":{"allow":["GET"]}}],"collection":[{"href":"https:\/\/iglesiacaminodevida.com\/index.php\/wp-json\/wp\/v2\/pages"}],"about":[{"href":"https:\/\/iglesiacaminodevida.com\/index.php\/wp-json\/wp\/v2\/types\/page"}],"author":[{"embeddable":true,"href":"https:\/\/iglesiacaminodevida.com\/index.php\/wp-json\/wp\/v2\/users\/1"}],"replies":[{"embeddable":true,"href":"https:\/\/iglesiacaminodevida.com\/index.php\/wp-json\/wp\/v2\/comments?post=17691"}],"version-history":[{"count":16,"href":"https:\/\/iglesiacaminodevida.com\/index.php\/wp-json\/wp\/v2\/pages\/17691\/revisions"}],"predecessor-version":[{"id":18241,"href":"https:\/\/iglesiacaminodevida.com\/index.php\/wp-json\/wp\/v2\/pages\/17691\/revisions\/18241"}],"wp:attachment":[{"href":"https:\/\/iglesiacaminodevida.com\/index.php\/wp-json\/wp\/v2\/media?parent=17691"}],"curies":[{"name":"wp","href":"https:\/\/api.w.org\/{rel}","templated":true}]}}